{"id":12427,"date":"2025-06-02T03:15:27","date_gmt":"2025-06-02T03:15:27","guid":{"rendered":"https:\/\/dvario.eu\/home\/"},"modified":"2026-03-23T04:55:38","modified_gmt":"2026-03-23T04:55:38","slug":"home","status":"publish","type":"page","link":"https:\/\/dvario.eu\/de\/","title":{"rendered":"Home"},"content":{"rendered":"\t\t<div data-elementor-type=\"wp-page\" data-elementor-id=\"12427\" class=\"elementor elementor-12427 elementor-8852\" data-elementor-post-type=\"page\">\n\t\t\t\t<div class=\"elementor-element elementor-element-c430ca9 e-con-full e-flex e-con e-parent\" data-id=\"c430ca9\" data-element_type=\"container\" data-e-type=\"container\">\n\t\t\t\t<div class=\"elementor-element elementor-element-d52b46e elementor--h-position-center elementor--v-position-middle elementor-arrows-position-inside elementor-pagination-position-inside elementor-widget elementor-widget-slides\" data-id=\"d52b46e\" data-element_type=\"widget\" data-e-type=\"widget\" data-settings=\"{&quot;navigation&quot;:&quot;both&quot;,&quot;autoplay&quot;:&quot;yes&quot;,&quot;pause_on_hover&quot;:&quot;yes&quot;,&quot;pause_on_interaction&quot;:&quot;yes&quot;,&quot;autoplay_speed&quot;:5000,&quot;infinite&quot;:&quot;yes&quot;,&quot;transition&quot;:&quot;slide&quot;,&quot;transition_speed&quot;:500}\" data-widget_type=\"slides.default\">\n\t\t\t\t\t\t\t\t\t\t<div class=\"elementor-slides-wrapper elementor-main-swiper swiper\" role=\"region\" aria-roledescription=\"carousel\" aria-label=\"Slides\" dir=\"ltr\" data-animation=\"fadeInUp\">\n\t\t\t\t<div class=\"swiper-wrapper elementor-slides\">\n\t\t\t\t\t\t\t\t\t\t<div class=\"elementor-repeater-item-5ffde47 swiper-slide\" role=\"group\" aria-roledescription=\"slide\"><div class=\"swiper-slide-bg elementor-ken-burns elementor-ken-burns--in\" role=\"img\" aria-label=\"2414aff2-5b1e-4aad-8ba9-dc4a3db52dfa\"><\/div><div class=\"elementor-background-overlay\"><\/div><div class=\"swiper-slide-inner\" ><div class=\"swiper-slide-contents\"><div class=\"elementor-slide-description\"><p>Gesamtprojekte, ma\u00dfgeschneiderte Innenausstattung und K\u00fchll\u00f6sungen<\/p>\n<\/div><a href=\"https:\/\/dvario.eu\/contact\/\" class=\"elementor-button elementor-slide-button elementor-size-md\">Kontaktieren Sie uns<\/a><\/div><\/div><\/div><div class=\"elementor-repeater-item-ae7c0ee swiper-slide\" role=\"group\" aria-roledescription=\"slide\"><div class=\"swiper-slide-bg elementor-ken-burns elementor-ken-burns--in\" role=\"img\" aria-label=\"BANNER PICTURE 2\"><\/div><div class=\"elementor-background-overlay\"><\/div><div class=\"swiper-slide-inner\" ><div class=\"swiper-slide-contents\"><div class=\"elementor-slide-description\"><p>Gesamtprojekte, ma\u00dfgeschneiderte Innenausstattung und K\u00fchll\u00f6sungen<\/p>\n<\/div><a href=\"https:\/\/dvario.eu\/contact\/\" class=\"elementor-button elementor-slide-button elementor-size-md\">Kontaktieren Sie uns<\/a><\/div><\/div><\/div><div class=\"elementor-repeater-item-88f6ce8 swiper-slide\" role=\"group\" aria-roledescription=\"slide\"><div class=\"swiper-slide-bg elementor-ken-burns elementor-ken-burns--in\" role=\"img\" aria-label=\"BANNER PICTURE 4\"><\/div><div class=\"elementor-background-overlay\"><\/div><div class=\"swiper-slide-inner\" ><div class=\"swiper-slide-contents\"><div class=\"elementor-slide-description\"><p>Gesamtprojekte, ma\u00dfgeschneiderte Innenausstattung und K\u00fchll\u00f6sungen<\/p>\n<\/div><a href=\"https:\/\/dvario.eu\/contact\/\" class=\"elementor-button elementor-slide-button elementor-size-md\">Kontaktieren Sie uns<\/a><\/div><\/div><\/div>\t\t\t\t<\/div>\n\t\t\t\t\t\t\t\t\t\t\t\t\t\t\t<div class=\"elementor-swiper-button elementor-swiper-button-prev\" role=\"button\" tabindex=\"0\" aria-label=\"Previous slide\">\n\t\t\t\t\t\t\t<svg aria-hidden=\"true\" class=\"e-font-icon-svg e-eicon-chevron-left\" viewBox=\"0 0 1000 1000\" xmlns=\"http:\/\/www.w3.org\/2000\/svg\"><path d=\"M646 125C629 125 613 133 604 142L308 442C296 454 292 471 292 487 292 504 296 521 308 533L604 854C617 867 629 875 646 875 663 875 679 871 692 858 704 846 713 829 713 812 713 796 708 779 692 767L438 487 692 225C700 217 708 204 708 187 708 171 704 154 692 142 675 129 663 125 646 125Z\"><\/path><\/svg>\t\t\t\t\t\t<\/div>\n\t\t\t\t\t\t<div class=\"elementor-swiper-button elementor-swiper-button-next\" role=\"button\" tabindex=\"0\" aria-label=\"Next slide\">\n\t\t\t\t\t\t\t<svg aria-hidden=\"true\" class=\"e-font-icon-svg e-eicon-chevron-right\" viewBox=\"0 0 1000 1000\" xmlns=\"http:\/\/www.w3.org\/2000\/svg\"><path d=\"M696 533C708 521 713 504 713 487 713 471 708 454 696 446L400 146C388 133 375 125 354 125 338 125 325 129 313 142 300 154 292 171 292 187 292 204 296 221 308 233L563 492 304 771C292 783 288 800 288 817 288 833 296 850 308 863 321 871 338 875 354 875 371 875 388 867 400 854L696 533Z\"><\/path><\/svg>\t\t\t\t\t\t<\/div>\n\t\t\t\t\t\t\t\t\t\t\t\t\t\t\t\t<div class=\"swiper-pagination\"><\/div>\n\t\t\t\t\t\t\t\t\t\t\t\t<\/div>\n\t\t\t\t\t\t\t\t<\/div>\n\t\t\t\t<\/div>\n\t\t<div class=\"elementor-element elementor-element-13c5638 e-con-full e-flex e-con e-parent\" data-id=\"13c5638\" data-element_type=\"container\" data-e-type=\"container\" id=\"whoweare\" data-settings=\"{&quot;background_background&quot;:&quot;classic&quot;}\">\n\t\t<div class=\"elementor-element elementor-element-3561890 e-flex e-con-boxed elementor-invisible e-con e-child\" data-id=\"3561890\" data-element_type=\"container\" data-e-type=\"container\" data-settings=\"{&quot;background_background&quot;:&quot;classic&quot;,&quot;animation&quot;:&quot;opal-move-up&quot;}\">\n\t\t\t\t\t<div class=\"e-con-inner\">\n\t\t<div class=\"elementor-element elementor-element-71f2c91 e-con-full e-flex e-con e-child\" data-id=\"71f2c91\" data-element_type=\"container\" data-e-type=\"container\">\n\t\t\t\t<div class=\"elementor-element elementor-element-c1d3ebc elementor-widget__width-initial elementor-widget elementor-widget-heading\" data-id=\"c1d3ebc\" data-element_type=\"widget\" data-e-type=\"widget\" data-widget_type=\"heading.default\">\n\t\t\t\t\t<h2 data-cursor=\"-opaque\" class=\"elementor-heading-title elementor-size-default\">Von Totalprojekten bis hin zu K\u00fchlm\u00f6beln.\nDVARIO entwirft und realisiert ma\u00dfgeschneiderte Gesamtkonzepte f\u00fcr gewerbliche R\u00e4ume wie Gesch\u00e4fte, B\u00fcros und Gastronomiebetriebe.\n\nWir kombinieren Innendesign und fortschrittliche K\u00fchltechnik zu einer durchdachten Gesamtl\u00f6sung. Vom Konzept und Design bis hin zu Produktion, Installation und \u00dcbergabe begleiten wir jedes Projekt von A bis Z. \n\nMit Augenmerk auf Details, Funktionalit\u00e4t und Rentabilit\u00e4t schaffen wir R\u00e4ume, die \u00e4sthetisch stark und kommerziell effizient sind.<\/h2>\t\t\t\t<\/div>\n\t\t\t\t<\/div>\n\t\t\t\t\t<\/div>\n\t\t\t\t<\/div>\n\t\t\t\t<\/div>\n\t\t<div class=\"elementor-element elementor-element-e8e76d4 e-flex e-con-boxed e-con e-parent\" data-id=\"e8e76d4\" data-element_type=\"container\" data-e-type=\"container\" data-settings=\"{&quot;background_background&quot;:&quot;classic&quot;}\">\n\t\t\t\t\t<div class=\"e-con-inner\">\n\t\t<div class=\"elementor-element elementor-element-04ac218 e-con-full e-flex e-con e-child\" data-id=\"04ac218\" data-element_type=\"container\" data-e-type=\"container\" data-settings=\"{&quot;background_background&quot;:&quot;classic&quot;}\">\n\t\t\t\t<div class=\"elementor-element elementor-element-a43ef93 elementor-widget elementor-widget-image\" data-id=\"a43ef93\" data-element_type=\"widget\" data-e-type=\"widget\" data-widget_type=\"image.default\">\n\t\t\t\t\t<div class=\"antra-wrapper-image-widget\">\t\t\t\t\t\t\t\t\t\t<img decoding=\"async\" src=\"https:\/\/dvario.eu\/wp-content\/uploads\/elementor\/thumbs\/BANNER-PICTURE-2-rhqcpbtu5pdvrlt9ffbz7vc96szcjnrc3p4xrr0iwc.jpeg\" title=\"BANNER PICTURE 2\" alt=\"BANNER PICTURE 2\" loading=\"lazy\" \/>\t\t\t\t\t\t\t\t\t\t\t<\/div>\t\t\t\t<\/div>\n\t\t\t\t<div class=\"elementor-element elementor-element-97bb136 elementor-widget elementor-widget-heading\" data-id=\"97bb136\" data-element_type=\"widget\" data-e-type=\"widget\" data-widget_type=\"heading.default\">\n\t\t\t\t\t<h2 class=\"elementor-heading-title elementor-size-default\">Unsere Realisierungen<\/h2>\t\t\t\t<\/div>\n\t\t\t\t<div class=\"elementor-element elementor-element-243d11f elementor-widget elementor-widget-text-editor\" data-id=\"243d11f\" data-element_type=\"widget\" data-e-type=\"widget\" data-widget_type=\"text-editor.default\">\n\t\t\t\t\t\t\t\t\tJeder Raum erz\u00e4hlt eine Geschichte. Bei DVARIO \u00fcbersetzen wir Ideen in funktionale und \u00e4sthetische Gesamtprojekte, von Gesch\u00e4ften und Gastronomiebetrieben bis hin zu B\u00fcros und kommerziellen R\u00e4umen. Unsere Realisierungen zeigen, wie Design, Handwerkskunst und technische Expertise in einzigartigen ma\u00dfgeschneiderten Projekten zusammenkommen.  \t\t\t\t\t\t\t\t<\/div>\n\t\t\t\t<div class=\"elementor-element elementor-element-fc8f5ea elementor-widget elementor-widget-text-editor\" data-id=\"fc8f5ea\" data-element_type=\"widget\" data-e-type=\"widget\" data-widget_type=\"text-editor.default\">\n\t\t\t\t\t\t\t\t\t<p><a style=\"color: #ffffff !important; text-decoration: underline;\" href=\"https:\/\/dvario.eu\/onze-realisaties\/\"><strong>Klicken Sie und entdecken Sie all unsere Realisierungen.<\/strong><br><\/a><\/p>\t\t\t\t\t\t\t\t<\/div>\n\t\t\t\t<\/div>\n\t\t<div class=\"elementor-element elementor-element-c4fc568 e-con-full e-flex e-con e-child\" data-id=\"c4fc568\" data-element_type=\"container\" data-e-type=\"container\" data-settings=\"{&quot;background_background&quot;:&quot;classic&quot;}\">\n\t\t\t\t<div class=\"elementor-element elementor-element-e63e656 elementor-widget elementor-widget-image\" data-id=\"e63e656\" data-element_type=\"widget\" data-e-type=\"widget\" data-widget_type=\"image.default\">\n\t\t\t\t\t<div class=\"antra-wrapper-image-widget\">\t\t\t\t\t\t\t\t\t\t<img decoding=\"async\" src=\"https:\/\/dvario.eu\/wp-content\/uploads\/elementor\/thumbs\/BANNER-PICTURE-1-rhqcpfl6x1j121nstgyhhue3kcgteg69g7qvouuy7g.jpeg\" title=\"BANNER PICTURE 1\" alt=\"BANNER PICTURE 1\" loading=\"lazy\" \/>\t\t\t\t\t\t\t\t\t\t\t<\/div>\t\t\t\t<\/div>\n\t\t\t\t<div class=\"elementor-element elementor-element-a63a928 elementor-widget elementor-widget-heading\" data-id=\"a63a928\" data-element_type=\"widget\" data-e-type=\"widget\" data-widget_type=\"heading.default\">\n\t\t\t\t\t<h2 class=\"elementor-heading-title elementor-size-default\">K\u00fchlung<\/h2>\t\t\t\t<\/div>\n\t\t\t\t<div class=\"elementor-element elementor-element-63fc6f4 elementor-widget elementor-widget-text-editor\" data-id=\"63fc6f4\" data-element_type=\"widget\" data-e-type=\"widget\" data-widget_type=\"text-editor.default\">\n\t\t\t\t\t\t\t\t\tEffiziente K\u00fchlung ist entscheidend f\u00fcr jeden professionellen Raum. \nDVARIO bietet ma\u00dfgeschneiderte K\u00fchll\u00f6sungen, die Funktionalit\u00e4t, Energieeffizienz und Design vereinen. Von K\u00fchlm\u00f6beln bis hin zu kompletten K\u00fchlsystemen sorgen wir f\u00fcr zuverl\u00e4ssige Systeme, die perfekt zu deinem Konzept und Betrieb passen.\n<b><\/b>\t\t\t\t\t\t\t\t<\/div>\n\t\t\t\t<div class=\"elementor-element elementor-element-6c48945 elementor-widget elementor-widget-text-editor\" data-id=\"6c48945\" data-element_type=\"widget\" data-e-type=\"widget\" data-widget_type=\"text-editor.default\">\n\t\t\t\t\t\t\t\t\t<p><span style=\"text-decoration: underline;\"><a href=\"https:\/\/dvario.eu\/koeling\/\"><strong><b>Klicken Sie und entdecken Sie unsere K\u00fchltechnologien.<\/b><\/strong><\/a><\/span><\/p>\t\t\t\t\t\t\t\t<\/div>\n\t\t\t\t<\/div>\n\t\t\t\t\t<\/div>\n\t\t\t\t<\/div>\n\t\t<div class=\"elementor-element elementor-element-0c09053 e-con-full e-flex e-con e-parent\" data-id=\"0c09053\" data-element_type=\"container\" data-e-type=\"container\">\n\t\t<div class=\"elementor-element elementor-element-5a0b5c0 e-con-full e-flex e-con e-child\" data-id=\"5a0b5c0\" data-element_type=\"container\" data-e-type=\"container\">\n\t\t\t\t<div class=\"elementor-element elementor-element-612c7e6 elementor-widget elementor-widget-image\" data-id=\"612c7e6\" data-element_type=\"widget\" data-e-type=\"widget\" data-widget_type=\"image.default\">\n\t\t\t\t\t<div class=\"antra-wrapper-image-widget\" data-cursor=\"-opaque\">\t\t\t\t\t\t\t\t\t\t<img decoding=\"async\" src=\"https:\/\/dvario.eu\/wp-content\/uploads\/2026\/02\/image00002-scaled.jpeg\" title=\"image00002\" alt=\"image00002\" loading=\"lazy\" \/>\t\t\t\t\t\t\t\t\t\t\t<\/div>\t\t\t\t<\/div>\n\t\t\t\t<\/div>\n\t\t<div class=\"elementor-element elementor-element-f541e19 e-con-full e-flex e-con e-child\" data-id=\"f541e19\" data-element_type=\"container\" data-e-type=\"container\" data-settings=\"{&quot;background_background&quot;:&quot;classic&quot;,&quot;shape_divider_bottom&quot;:&quot;triangle&quot;}\">\n\t\t\t\t<div class=\"elementor-shape elementor-shape-bottom\" aria-hidden=\"true\" data-negative=\"false\">\n\t\t\t<svg xmlns=\"http:\/\/www.w3.org\/2000\/svg\" viewBox=\"0 0 1000 100\" preserveAspectRatio=\"none\">\n\t<path class=\"elementor-shape-fill\" d=\"M500,98.9L0,6.1V0h1000v6.1L500,98.9z\"\/>\n<\/svg>\t\t<\/div>\n\t\t\t\t<div class=\"elementor-element elementor-element-4fbf45b elementor-widget elementor-widget-heading\" data-id=\"4fbf45b\" data-element_type=\"widget\" data-e-type=\"widget\" data-widget_type=\"heading.default\">\n\t\t\t\t\t<h2 class=\"elementor-heading-title elementor-size-default\">Wir bauen an <br>Ihrer Erfahrung<\/h2>\t\t\t\t<\/div>\n\t\t\t\t<div class=\"elementor-element elementor-element-a6324e3 elementor-widget__width-initial elementor-widget elementor-widget-text-editor\" data-id=\"a6324e3\" data-element_type=\"widget\" data-e-type=\"widget\" data-widget_type=\"text-editor.default\">\n\t\t\t\t\t\t\t\t\t<p><span style=\"font-weight: 400;\">Bei Dvario schaffen wir kommerzielle R\u00e4ume, die mehr tun, als nur gut auszusehen. Mit ma\u00dfgeschneiderten L\u00f6sungen, durchdachtem Design und technischer Expertise realisieren wir Komplettprojekte, die perfekt auf Ihr Unternehmen abgestimmt sind. Vom Konzept bis zur Fertigstellung bauen wir mit an einer Umgebung, die funktioniert, inspiriert und mit Ihrem Erfolg w\u00e4chst.  <\/span><\/p>\t\t\t\t\t\t\t\t<\/div>\n\t\t\t\t<div class=\"elementor-element elementor-element-030889d elementor-align-center elementor-button-default elementor-widget elementor-widget-button\" data-id=\"030889d\" data-element_type=\"widget\" data-e-type=\"widget\" data-widget_type=\"button.default\">\n\t\t\t\t\t\t\t\t\t\t<a class=\"elementor-button elementor-button-link elementor-size-md\" href=\"https:\/\/dvario.eu\/koeling\/\">\n\t\t\t\t\t\t<span class=\"elementor-button-content-wrapper\">\n\t\t\t\t\t\t<span class=\"elementor-button-icon\">\n\t\t\t\t<svg aria-hidden=\"true\" class=\"e-font-icon-svg e-fas-chevron-circle-right\" viewBox=\"0 0 512 512\" xmlns=\"http:\/\/www.w3.org\/2000\/svg\"><path d=\"M256 8c137 0 248 111 248 248S393 504 256 504 8 393 8 256 119 8 256 8zm113.9 231L234.4 103.5c-9.4-9.4-24.6-9.4-33.9 0l-17 17c-9.4 9.4-9.4 24.6 0 33.9L285.1 256 183.5 357.6c-9.4 9.4-9.4 24.6 0 33.9l17 17c9.4 9.4 24.6 9.4 33.9 0L369.9 273c9.4-9.4 9.4-24.6 0-34z\"><\/path><\/svg>\t\t\t<\/span>\n\t\t\t\t\t\t\t\t\t<span class=\"elementor-button-text\">MEHR LESEN<\/span>\n\t\t\t\t\t<\/span>\n\t\t\t\t\t<\/a>\n\t\t\t\t\t\t\t\t<\/div>\n\t\t\t\t<\/div>\n\t\t\t\t<\/div>\n\t\t\t\t<\/div>\n\t\t","protected":false},"excerpt":{"rendered":"<p>Gesamtprojekte, ma\u00dfgeschneiderte Innenausstattung und K\u00fchll\u00f6sungen Kontaktieren Sie uns Gesamtprojekte, ma\u00dfgeschneiderte Innenausstattung und K\u00fchll\u00f6sungen Kontaktieren Sie uns Gesamtprojekte, ma\u00dfgeschneiderte Innenausstattung und K\u00fchll\u00f6sungen Kontaktieren Sie uns Von Totalprojekten bis hin zu K\u00fchlm\u00f6beln. DVARIO entwirft und realisiert ma\u00dfgeschneiderte Gesamtkonzepte f\u00fcr gewerbliche R\u00e4ume wie Gesch\u00e4fte, B\u00fcros und Gastronomiebetriebe. Wir kombinieren Innendesign und fortschrittliche K\u00fchltechnik zu einer durchdachten Gesamtl\u00f6sung. Vom [&hellip;]<\/p>\n","protected":false},"author":1,"featured_media":0,"parent":0,"menu_order":0,"comment_status":"closed","ping_status":"closed","template":"","meta":{"footnotes":""},"class_list":["post-12427","page","type-page","status-publish","hentry"],"_links":{"self":[{"href":"https:\/\/dvario.eu\/de\/wp-json\/wp\/v2\/pages\/12427","targetHints":{"allow":["GET"]}}],"collection":[{"href":"https:\/\/dvario.eu\/de\/wp-json\/wp\/v2\/pages"}],"about":[{"href":"https:\/\/dvario.eu\/de\/wp-json\/wp\/v2\/types\/page"}],"author":[{"embeddable":true,"href":"https:\/\/dvario.eu\/de\/wp-json\/wp\/v2\/users\/1"}],"replies":[{"embeddable":true,"href":"https:\/\/dvario.eu\/de\/wp-json\/wp\/v2\/comments?post=12427"}],"version-history":[{"count":1,"href":"https:\/\/dvario.eu\/de\/wp-json\/wp\/v2\/pages\/12427\/revisions"}],"predecessor-version":[{"id":12451,"href":"https:\/\/dvario.eu\/de\/wp-json\/wp\/v2\/pages\/12427\/revisions\/12451"}],"wp:attachment":[{"href":"https:\/\/dvario.eu\/de\/wp-json\/wp\/v2\/media?parent=12427"}],"curies":[{"name":"wp","href":"https:\/\/api.w.org\/{rel}","templated":true}]}}