{"id":12457,"date":"2025-06-02T03:15:27","date_gmt":"2025-06-02T03:15:27","guid":{"rendered":"https:\/\/dvario.eu\/home\/"},"modified":"2026-03-23T05:01:55","modified_gmt":"2026-03-23T05:01:55","slug":"home","status":"publish","type":"page","link":"https:\/\/dvario.eu\/tr\/","title":{"rendered":"Home"},"content":{"rendered":"\t\t<div data-elementor-type=\"wp-page\" data-elementor-id=\"12457\" class=\"elementor elementor-12457 elementor-8852\" data-elementor-post-type=\"page\">\n\t\t\t\t<div class=\"elementor-element elementor-element-c430ca9 e-con-full e-flex e-con e-parent\" data-id=\"c430ca9\" data-element_type=\"container\" data-e-type=\"container\">\n\t\t\t\t<div class=\"elementor-element elementor-element-d52b46e elementor--h-position-center elementor--v-position-middle elementor-arrows-position-inside elementor-pagination-position-inside elementor-widget elementor-widget-slides\" data-id=\"d52b46e\" data-element_type=\"widget\" data-e-type=\"widget\" data-settings=\"{&quot;navigation&quot;:&quot;both&quot;,&quot;autoplay&quot;:&quot;yes&quot;,&quot;pause_on_hover&quot;:&quot;yes&quot;,&quot;pause_on_interaction&quot;:&quot;yes&quot;,&quot;autoplay_speed&quot;:5000,&quot;infinite&quot;:&quot;yes&quot;,&quot;transition&quot;:&quot;slide&quot;,&quot;transition_speed&quot;:500}\" data-widget_type=\"slides.default\">\n\t\t\t\t\t\t\t\t\t\t<div class=\"elementor-slides-wrapper elementor-main-swiper swiper\" role=\"region\" aria-roledescription=\"carousel\" aria-label=\"Slides\" dir=\"ltr\" data-animation=\"fadeInUp\">\n\t\t\t\t<div class=\"swiper-wrapper elementor-slides\">\n\t\t\t\t\t\t\t\t\t\t<div class=\"elementor-repeater-item-5ffde47 swiper-slide\" role=\"group\" aria-roledescription=\"slide\"><div class=\"swiper-slide-bg elementor-ken-burns elementor-ken-burns--in\" role=\"img\" aria-label=\"2414aff2-5b1e-4aad-8ba9-dc4a3db52dfa\"><\/div><div class=\"elementor-background-overlay\"><\/div><div class=\"swiper-slide-inner\" ><div class=\"swiper-slide-contents\"><div class=\"elementor-slide-description\"><p>Toplam projeler, \u00f6zel i\u00e7 mekan ve so\u011futma \u00e7\u00f6z\u00fcmleri<\/p>\n<\/div><a href=\"https:\/\/dvario.eu\/contact\/\" class=\"elementor-button elementor-slide-button elementor-size-md\">Bize ula\u015f\u0131n<\/a><\/div><\/div><\/div><div class=\"elementor-repeater-item-ae7c0ee swiper-slide\" role=\"group\" aria-roledescription=\"slide\"><div class=\"swiper-slide-bg elementor-ken-burns elementor-ken-burns--in\" role=\"img\" aria-label=\"BANNER PICTURE 2\"><\/div><div class=\"elementor-background-overlay\"><\/div><div class=\"swiper-slide-inner\" ><div class=\"swiper-slide-contents\"><div class=\"elementor-slide-description\"><p>Toplam projeler, \u00f6zel i\u00e7 mekan ve so\u011futma \u00e7\u00f6z\u00fcmleri<\/p>\n<\/div><a href=\"https:\/\/dvario.eu\/contact\/\" class=\"elementor-button elementor-slide-button elementor-size-md\">Bize ula\u015f\u0131n<\/a><\/div><\/div><\/div><div class=\"elementor-repeater-item-88f6ce8 swiper-slide\" role=\"group\" aria-roledescription=\"slide\"><div class=\"swiper-slide-bg elementor-ken-burns elementor-ken-burns--in\" role=\"img\" aria-label=\"BANNER PICTURE 4\"><\/div><div class=\"elementor-background-overlay\"><\/div><div class=\"swiper-slide-inner\" ><div class=\"swiper-slide-contents\"><div class=\"elementor-slide-description\"><p>Toplam projeler, \u00f6zel i\u00e7 mekan ve so\u011futma \u00e7\u00f6z\u00fcmleri<\/p>\n<\/div><a href=\"https:\/\/dvario.eu\/contact\/\" class=\"elementor-button elementor-slide-button elementor-size-md\">Bize ula\u015f\u0131n<\/a><\/div><\/div><\/div>\t\t\t\t<\/div>\n\t\t\t\t\t\t\t\t\t\t\t\t\t\t\t<div class=\"elementor-swiper-button elementor-swiper-button-prev\" role=\"button\" tabindex=\"0\" aria-label=\"Previous slide\">\n\t\t\t\t\t\t\t<svg aria-hidden=\"true\" class=\"e-font-icon-svg e-eicon-chevron-left\" viewBox=\"0 0 1000 1000\" xmlns=\"http:\/\/www.w3.org\/2000\/svg\"><path d=\"M646 125C629 125 613 133 604 142L308 442C296 454 292 471 292 487 292 504 296 521 308 533L604 854C617 867 629 875 646 875 663 875 679 871 692 858 704 846 713 829 713 812 713 796 708 779 692 767L438 487 692 225C700 217 708 204 708 187 708 171 704 154 692 142 675 129 663 125 646 125Z\"><\/path><\/svg>\t\t\t\t\t\t<\/div>\n\t\t\t\t\t\t<div class=\"elementor-swiper-button elementor-swiper-button-next\" role=\"button\" tabindex=\"0\" aria-label=\"Next slide\">\n\t\t\t\t\t\t\t<svg aria-hidden=\"true\" class=\"e-font-icon-svg e-eicon-chevron-right\" viewBox=\"0 0 1000 1000\" xmlns=\"http:\/\/www.w3.org\/2000\/svg\"><path d=\"M696 533C708 521 713 504 713 487 713 471 708 454 696 446L400 146C388 133 375 125 354 125 338 125 325 129 313 142 300 154 292 171 292 187 292 204 296 221 308 233L563 492 304 771C292 783 288 800 288 817 288 833 296 850 308 863 321 871 338 875 354 875 371 875 388 867 400 854L696 533Z\"><\/path><\/svg>\t\t\t\t\t\t<\/div>\n\t\t\t\t\t\t\t\t\t\t\t\t\t\t\t\t<div class=\"swiper-pagination\"><\/div>\n\t\t\t\t\t\t\t\t\t\t\t\t<\/div>\n\t\t\t\t\t\t\t\t<\/div>\n\t\t\t\t<\/div>\n\t\t<div class=\"elementor-element elementor-element-13c5638 e-con-full e-flex e-con e-parent\" data-id=\"13c5638\" data-element_type=\"container\" data-e-type=\"container\" id=\"whoweare\" data-settings=\"{&quot;background_background&quot;:&quot;classic&quot;}\">\n\t\t<div class=\"elementor-element elementor-element-3561890 e-flex e-con-boxed elementor-invisible e-con e-child\" data-id=\"3561890\" data-element_type=\"container\" data-e-type=\"container\" data-settings=\"{&quot;background_background&quot;:&quot;classic&quot;,&quot;animation&quot;:&quot;opal-move-up&quot;}\">\n\t\t\t\t\t<div class=\"e-con-inner\">\n\t\t<div class=\"elementor-element elementor-element-71f2c91 e-con-full e-flex e-con e-child\" data-id=\"71f2c91\" data-element_type=\"container\" data-e-type=\"container\">\n\t\t\t\t<div class=\"elementor-element elementor-element-c1d3ebc elementor-widget__width-initial elementor-widget elementor-widget-heading\" data-id=\"c1d3ebc\" data-element_type=\"widget\" data-e-type=\"widget\" data-widget_type=\"heading.default\">\n\t\t\t\t\t<h2 data-cursor=\"-opaque\" class=\"elementor-heading-title elementor-size-default\">Toplam projeden so\u011futma mobilyas\u0131na.\nDVARIO, ma\u011fazalar, ofisler ve restoranlar gibi ticari alanlar i\u00e7in \u00f6zel tasar\u0131mlar ve uygulamalar yapmaktad\u0131r.\n\n\u0130\u00e7 mekan tasar\u0131m\u0131 ve ileri d\u00fczey so\u011futma teknolojisini tek bir d\u00fc\u015f\u00fcn\u00fc\u00fclm\u00fc\u015f kapsaml\u0131 \u00e7\u00f6z\u00fcmde birle\u015ftiriyoruz. Van konsept ve tasar\u0131mdan \u00fcretim, montaj ve teslimata kadar her projeyi A'dan Z'ye kadar y\u00f6nlendiriyoruz.\n\nDetaylara, i\u015flevselli\u011fe ve verimlili\u011fe odaklanarak, estetik olarak g\u00fc\u00e7l\u00fc ve ticari olarak verimli mekanlar yarat\u0131yoruz.<\/h2>\t\t\t\t<\/div>\n\t\t\t\t<\/div>\n\t\t\t\t\t<\/div>\n\t\t\t\t<\/div>\n\t\t\t\t<\/div>\n\t\t<div class=\"elementor-element elementor-element-e8e76d4 e-flex e-con-boxed e-con e-parent\" data-id=\"e8e76d4\" data-element_type=\"container\" data-e-type=\"container\" data-settings=\"{&quot;background_background&quot;:&quot;classic&quot;}\">\n\t\t\t\t\t<div class=\"e-con-inner\">\n\t\t<div class=\"elementor-element elementor-element-04ac218 e-con-full e-flex e-con e-child\" data-id=\"04ac218\" data-element_type=\"container\" data-e-type=\"container\" data-settings=\"{&quot;background_background&quot;:&quot;classic&quot;}\">\n\t\t\t\t<div class=\"elementor-element elementor-element-a43ef93 elementor-widget elementor-widget-image\" data-id=\"a43ef93\" data-element_type=\"widget\" data-e-type=\"widget\" data-widget_type=\"image.default\">\n\t\t\t\t\t<div class=\"antra-wrapper-image-widget\">\t\t\t\t\t\t\t\t\t\t<img decoding=\"async\" src=\"https:\/\/dvario.eu\/wp-content\/uploads\/elementor\/thumbs\/BANNER-PICTURE-2-rhqcpbtu5pdvrlt9ffbz7vc96szcjnrc3p4xrr0iwc.jpeg\" title=\"BANNER PICTURE 2\" alt=\"BANNER PICTURE 2\" loading=\"lazy\" \/>\t\t\t\t\t\t\t\t\t\t\t<\/div>\t\t\t\t<\/div>\n\t\t\t\t<div class=\"elementor-element elementor-element-97bb136 elementor-widget elementor-widget-heading\" data-id=\"97bb136\" data-element_type=\"widget\" data-e-type=\"widget\" data-widget_type=\"heading.default\">\n\t\t\t\t\t<h2 class=\"elementor-heading-title elementor-size-default\">Ger\u00e7ekle\u015ftirdi\u011fimiz projeler<\/h2>\t\t\t\t<\/div>\n\t\t\t\t<div class=\"elementor-element elementor-element-243d11f elementor-widget elementor-widget-text-editor\" data-id=\"243d11f\" data-element_type=\"widget\" data-e-type=\"widget\" data-widget_type=\"text-editor.default\">\n\t\t\t\t\t\t\t\t\tHer oda bir hikaye anlat\u0131r. DVARIO&#8217;da, fikirleri fonksiyonel ve estetik tamamlay\u0131c\u0131 projelere d\u00f6n\u00fc\u015ft\u00fcr\u00fcyoruz, ma\u011fazalardan restoranlara, ofislerden ticari alanlara kadar. Ger\u00e7ekle\u015ftirdi\u011fimiz projeler, tasar\u0131m, zanaatkarl\u0131k ve teknik uzmanl\u0131\u011f\u0131n nas\u0131l benzersiz, \u00f6zel projelerde bir araya geldi\u011fini g\u00f6stermektedir.\t\t\t\t\t\t\t\t<\/div>\n\t\t\t\t<div class=\"elementor-element elementor-element-fc8f5ea elementor-widget elementor-widget-text-editor\" data-id=\"fc8f5ea\" data-element_type=\"widget\" data-e-type=\"widget\" data-widget_type=\"text-editor.default\">\n\t\t\t\t\t\t\t\t\t<p><a style=\"color: #ffffff !important; text-decoration: underline;\" href=\"https:\/\/dvario.eu\/onze-realisaties\/\"><strong>T\u0131klay\u0131n ve t\u00fcm ger\u00e7ekle\u015ftirdi\u011fimiz projeleri ke\u015ffedin.<\/strong><br><\/a><\/p>\t\t\t\t\t\t\t\t<\/div>\n\t\t\t\t<\/div>\n\t\t<div class=\"elementor-element elementor-element-c4fc568 e-con-full e-flex e-con e-child\" data-id=\"c4fc568\" data-element_type=\"container\" data-e-type=\"container\" data-settings=\"{&quot;background_background&quot;:&quot;classic&quot;}\">\n\t\t\t\t<div class=\"elementor-element elementor-element-e63e656 elementor-widget elementor-widget-image\" data-id=\"e63e656\" data-element_type=\"widget\" data-e-type=\"widget\" data-widget_type=\"image.default\">\n\t\t\t\t\t<div class=\"antra-wrapper-image-widget\">\t\t\t\t\t\t\t\t\t\t<img decoding=\"async\" src=\"https:\/\/dvario.eu\/wp-content\/uploads\/elementor\/thumbs\/BANNER-PICTURE-1-rhqcpfl6x1j121nstgyhhue3kcgteg69g7qvouuy7g.jpeg\" title=\"BANNER PICTURE 1\" alt=\"BANNER PICTURE 1\" loading=\"lazy\" \/>\t\t\t\t\t\t\t\t\t\t\t<\/div>\t\t\t\t<\/div>\n\t\t\t\t<div class=\"elementor-element elementor-element-a63a928 elementor-widget elementor-widget-heading\" data-id=\"a63a928\" data-element_type=\"widget\" data-e-type=\"widget\" data-widget_type=\"heading.default\">\n\t\t\t\t\t<h2 class=\"elementor-heading-title elementor-size-default\">So\u011futma<\/h2>\t\t\t\t<\/div>\n\t\t\t\t<div class=\"elementor-element elementor-element-63fc6f4 elementor-widget elementor-widget-text-editor\" data-id=\"63fc6f4\" data-element_type=\"widget\" data-e-type=\"widget\" data-widget_type=\"text-editor.default\">\n\t\t\t\t\t\t\t\t\tVerimli so\u011futma, her profesyonel alan i\u00e7in \u00e7ok \u00f6nemlidir. \nDVARIO, i\u015flevselli\u011fi, enerji verimlili\u011fini ve tasar\u0131m\u0131 bir araya getiren \u00f6zel so\u011futma \u00e7\u00f6z\u00fcmleri sunar. So\u011futma mobilyalar\u0131ndan tam so\u011futma sistemlerine kadar, konseptinize ve operasyonunuza m\u00fckemmel uyum sa\u011flayan g\u00fcvenilir sistemler sa\u011fl\u0131yoruz.\n<b><\/b>\t\t\t\t\t\t\t\t<\/div>\n\t\t\t\t<div class=\"elementor-element elementor-element-6c48945 elementor-widget elementor-widget-text-editor\" data-id=\"6c48945\" data-element_type=\"widget\" data-e-type=\"widget\" data-widget_type=\"text-editor.default\">\n\t\t\t\t\t\t\t\t\t<p><span style=\"text-decoration: underline;\"><a href=\"https:\/\/dvario.eu\/koeling\/\"><strong><b>T\u0131klay\u0131n ve so\u011futma \u00e7\u00f6z\u00fcmlerimizi ke\u015ffedin.<\/b><\/strong><\/a><\/span><\/p>\t\t\t\t\t\t\t\t<\/div>\n\t\t\t\t<\/div>\n\t\t\t\t\t<\/div>\n\t\t\t\t<\/div>\n\t\t<div class=\"elementor-element elementor-element-0c09053 e-con-full e-flex e-con e-parent\" data-id=\"0c09053\" data-element_type=\"container\" data-e-type=\"container\">\n\t\t<div class=\"elementor-element elementor-element-5a0b5c0 e-con-full e-flex e-con e-child\" data-id=\"5a0b5c0\" data-element_type=\"container\" data-e-type=\"container\">\n\t\t\t\t<div class=\"elementor-element elementor-element-612c7e6 elementor-widget elementor-widget-image\" data-id=\"612c7e6\" data-element_type=\"widget\" data-e-type=\"widget\" data-widget_type=\"image.default\">\n\t\t\t\t\t<div class=\"antra-wrapper-image-widget\" data-cursor=\"-opaque\">\t\t\t\t\t\t\t\t\t\t<img decoding=\"async\" src=\"https:\/\/dvario.eu\/wp-content\/uploads\/2026\/02\/image00002-scaled.jpeg\" title=\"image00002\" alt=\"image00002\" loading=\"lazy\" \/>\t\t\t\t\t\t\t\t\t\t\t<\/div>\t\t\t\t<\/div>\n\t\t\t\t<\/div>\n\t\t<div class=\"elementor-element elementor-element-f541e19 e-con-full e-flex e-con e-child\" data-id=\"f541e19\" data-element_type=\"container\" data-e-type=\"container\" data-settings=\"{&quot;background_background&quot;:&quot;classic&quot;,&quot;shape_divider_bottom&quot;:&quot;triangle&quot;}\">\n\t\t\t\t<div class=\"elementor-shape elementor-shape-bottom\" aria-hidden=\"true\" data-negative=\"false\">\n\t\t\t<svg xmlns=\"http:\/\/www.w3.org\/2000\/svg\" viewBox=\"0 0 1000 100\" preserveAspectRatio=\"none\">\n\t<path class=\"elementor-shape-fill\" d=\"M500,98.9L0,6.1V0h1000v6.1L500,98.9z\"\/>\n<\/svg>\t\t<\/div>\n\t\t\t\t<div class=\"elementor-element elementor-element-4fbf45b elementor-widget elementor-widget-heading\" data-id=\"4fbf45b\" data-element_type=\"widget\" data-e-type=\"widget\" data-widget_type=\"heading.default\">\n\t\t\t\t\t<h2 class=\"elementor-heading-title elementor-size-default\">Biz Sizin Deneyiminizi \u0130n\u015fa Ediyoruz<\/h2>\t\t\t\t<\/div>\n\t\t\t\t<div class=\"elementor-element elementor-element-a6324e3 elementor-widget__width-initial elementor-widget elementor-widget-text-editor\" data-id=\"a6324e3\" data-element_type=\"widget\" data-e-type=\"widget\" data-widget_type=\"text-editor.default\">\n\t\t\t\t\t\t\t\t\t<p><span style=\"font-weight: 400;\">Dvario&#8217;da, sadece iyi g\u00f6r\u00fcnmekle kalmayan ticari alanlar yarat\u0131yoruz. \u00d6zel \u00e7\u00f6z\u00fcmler, d\u00fc\u015f\u00fcn\u00fclm\u00fc\u015f tasar\u0131m ve teknik uzmanl\u0131k ile i\u015fletmenize m\u00fckemmel \u015fekilde uyum sa\u011flayan tam projeler ger\u00e7ekle\u015ftiriyoruz. Konseptten tamamlamaya kadar, ba\u015far\u0131lar\u0131n\u0131zla birlikte \u00e7al\u0131\u015fan, ilham veren ve b\u00fcy\u00fcyen bir ortam in\u015fa etmenize yard\u0131mc\u0131 oluyoruz.<\/span><\/p>\t\t\t\t\t\t\t\t<\/div>\n\t\t\t\t<div class=\"elementor-element elementor-element-030889d elementor-align-center elementor-button-default elementor-widget elementor-widget-button\" data-id=\"030889d\" data-element_type=\"widget\" data-e-type=\"widget\" data-widget_type=\"button.default\">\n\t\t\t\t\t\t\t\t\t\t<a class=\"elementor-button elementor-button-link elementor-size-md\" href=\"https:\/\/dvario.eu\/koeling\/\">\n\t\t\t\t\t\t<span class=\"elementor-button-content-wrapper\">\n\t\t\t\t\t\t<span class=\"elementor-button-icon\">\n\t\t\t\t<svg aria-hidden=\"true\" class=\"e-font-icon-svg e-fas-chevron-circle-right\" viewBox=\"0 0 512 512\" xmlns=\"http:\/\/www.w3.org\/2000\/svg\"><path d=\"M256 8c137 0 248 111 248 248S393 504 256 504 8 393 8 256 119 8 256 8zm113.9 231L234.4 103.5c-9.4-9.4-24.6-9.4-33.9 0l-17 17c-9.4 9.4-9.4 24.6 0 33.9L285.1 256 183.5 357.6c-9.4 9.4-9.4 24.6 0 33.9l17 17c9.4 9.4 24.6 9.4 33.9 0L369.9 273c9.4-9.4 9.4-24.6 0-34z\"><\/path><\/svg>\t\t\t<\/span>\n\t\t\t\t\t\t\t\t\t<span class=\"elementor-button-text\">DAHA FAZLA OKUYUN<\/span>\n\t\t\t\t\t<\/span>\n\t\t\t\t\t<\/a>\n\t\t\t\t\t\t\t\t<\/div>\n\t\t\t\t<\/div>\n\t\t\t\t<\/div>\n\t\t\t\t<\/div>\n\t\t","protected":false},"excerpt":{"rendered":"<p>Toplam projeler, \u00f6zel i\u00e7 mekan ve so\u011futma \u00e7\u00f6z\u00fcmleri Bize ula\u015f\u0131n Toplam projeler, \u00f6zel i\u00e7 mekan ve so\u011futma \u00e7\u00f6z\u00fcmleri Bize ula\u015f\u0131n Toplam projeler, \u00f6zel i\u00e7 mekan ve so\u011futma \u00e7\u00f6z\u00fcmleri Bize ula\u015f\u0131n Toplam projeden so\u011futma mobilyas\u0131na. DVARIO, ma\u011fazalar, ofisler ve restoranlar gibi ticari alanlar i\u00e7in \u00f6zel tasar\u0131mlar ve uygulamalar yapmaktad\u0131r. \u0130\u00e7 mekan tasar\u0131m\u0131 ve ileri d\u00fczey so\u011futma [&hellip;]<\/p>\n","protected":false},"author":1,"featured_media":0,"parent":0,"menu_order":0,"comment_status":"closed","ping_status":"closed","template":"","meta":{"footnotes":""},"class_list":["post-12457","page","type-page","status-publish","hentry"],"_links":{"self":[{"href":"https:\/\/dvario.eu\/tr\/wp-json\/wp\/v2\/pages\/12457","targetHints":{"allow":["GET"]}}],"collection":[{"href":"https:\/\/dvario.eu\/tr\/wp-json\/wp\/v2\/pages"}],"about":[{"href":"https:\/\/dvario.eu\/tr\/wp-json\/wp\/v2\/types\/page"}],"author":[{"embeddable":true,"href":"https:\/\/dvario.eu\/tr\/wp-json\/wp\/v2\/users\/1"}],"replies":[{"embeddable":true,"href":"https:\/\/dvario.eu\/tr\/wp-json\/wp\/v2\/comments?post=12457"}],"version-history":[{"count":1,"href":"https:\/\/dvario.eu\/tr\/wp-json\/wp\/v2\/pages\/12457\/revisions"}],"predecessor-version":[{"id":12481,"href":"https:\/\/dvario.eu\/tr\/wp-json\/wp\/v2\/pages\/12457\/revisions\/12481"}],"wp:attachment":[{"href":"https:\/\/dvario.eu\/tr\/wp-json\/wp\/v2\/media?parent=12457"}],"curies":[{"name":"wp","href":"https:\/\/api.w.org\/{rel}","templated":true}]}}